{"id":1835,"date":"2024-10-02T12:38:49","date_gmt":"2024-10-02T09:38:49","guid":{"rendered":"https:\/\/nobi.ee\/?post_type=product&#038;p=1835"},"modified":"2026-02-17T08:02:52","modified_gmt":"2026-02-17T06:02:52","slug":"maui-surf-must-2","status":"publish","type":"product","link":"https:\/\/nobi.ee\/en\/product\/maui-surf-must-2\/","title":{"rendered":"Maui Surf Must"},"content":{"rendered":"<p>Hooldusn\u00f5uanded<\/p>\n<ul>\n<li>Loputa koheselt p\u00e4rast kokkupuudet soolase vee v\u00f5i klooriga.<\/li>\n<li>V\u00e4ltige kokkupuudet karedate pindadega kuna need v\u00f5ivad kahjustada kangast.<\/li>\n<li>M\u00f5ned p\u00e4ikesekreemid ja p\u00e4ikese\u00f5lid v\u00f5ivad j\u00e4tta kangale j\u00e4lje ja selle rikkuda.<\/li>\n<li>Peske trikood k\u00fclma vee ja \u00f5rnale kangale m\u00f5eldud pesuvahendiga.<\/li>\n<li>V\u00e4ldi trikoo leotamist, v\u00e4\u00e4namist ja pleegitamist.<\/li>\n<li>\u00c4rge kasutage kuivatit.<\/li>\n<li>Kuivamisel hoidke trikood p\u00e4ikese eest varjus.<\/li>\n<li>Mitte triikida<\/li>\n<\/ul>\n","protected":false},"excerpt":{"rendered":"<p><strong>Kangas<\/strong>: 78% taaskasutatud pol\u00fcamiid, 22% elastaan<\/p>\n<p>Matt, \u00fclipehme ja \u00f5rn<\/p>\n<p>V\u00e4rvitoonid v\u00f5ivad m\u00f5ningal m\u00e4\u00e4ral erineda pildil olevatest toonidest. Kodulehel olevad v\u00e4rvid s\u00f5ltuvad ekraanil kuvatavast valgusest.<\/p>\n<p>&nbsp;<\/p>\n<p>Modell on 175cm pikk &amp; kannab suurust M<\/p>\n<p>&nbsp;<\/p>\n<p><a href=\"https:\/\/nobi.ee\/et\/saatmine-tagastus\/\">Saatmine ja Tagastus<\/a><\/p>\n","protected":false},"featured_media":1830,"template":"","meta":[],"product_brand":[],"product_cat":[15],"product_tag":[],"class_list":{"0":"post-1835","1":"product","2":"type-product","3":"status-publish","4":"has-post-thumbnail","6":"product_cat-maaramata","8":"first","9":"instock","10":"shipping-taxable","11":"purchasable","12":"product-type-variable"},"jetpack_sharing_enabled":true,"_links":{"self":[{"href":"https:\/\/nobi.ee\/en\/wp-json\/wp\/v2\/product\/1835","targetHints":{"allow":["GET"]}}],"collection":[{"href":"https:\/\/nobi.ee\/en\/wp-json\/wp\/v2\/product"}],"about":[{"href":"https:\/\/nobi.ee\/en\/wp-json\/wp\/v2\/types\/product"}],"wp:featuredmedia":[{"embeddable":true,"href":"https:\/\/nobi.ee\/en\/wp-json\/wp\/v2\/media\/1830"}],"wp:attachment":[{"href":"https:\/\/nobi.ee\/en\/wp-json\/wp\/v2\/media?parent=1835"}],"wp:term":[{"taxonomy":"product_brand","embeddable":true,"href":"https:\/\/nobi.ee\/en\/wp-json\/wp\/v2\/product_brand?post=1835"},{"taxonomy":"product_cat","embeddable":true,"href":"https:\/\/nobi.ee\/en\/wp-json\/wp\/v2\/product_cat?post=1835"},{"taxonomy":"product_tag","embeddable":true,"href":"https:\/\/nobi.ee\/en\/wp-json\/wp\/v2\/product_tag?post=1835"}],"curies":[{"name":"wp","href":"https:\/\/api.w.org\/{rel}","templated":true}]}}