{"id":343,"date":"2023-04-14T18:44:16","date_gmt":"2023-04-14T15:44:16","guid":{"rendered":"https:\/\/nobi.ee\/?page_id=343"},"modified":"2026-01-07T22:17:05","modified_gmt":"2026-01-07T20:17:05","slug":"terms-conditions","status":"publish","type":"page","link":"https:\/\/nobi.ee\/en\/terms-conditions\/","title":{"rendered":"E-Poe tingimused"},"content":{"rendered":"\t\t<div data-elementor-type=\"wp-page\" data-elementor-id=\"343\" class=\"elementor elementor-343\">\n\t\t\t\t<div class=\"elementor-element elementor-element-9effe93 e-con-full e-flex e-con e-parent\" data-id=\"9effe93\" data-element_type=\"container\" data-e-type=\"container\">\n\t\t\t\t<\/div>\n\t\t<div class=\"elementor-element elementor-element-ceeeb27 e-con-full e-flex e-con e-parent\" data-id=\"ceeeb27\" data-element_type=\"container\" data-e-type=\"container\">\n\t\t\t\t<div class=\"elementor-element elementor-element-9fc8e22 elementor-widget__width-initial elementor-widget elementor-widget-text-editor\" data-id=\"9fc8e22\" data-element_type=\"widget\" data-e-type=\"widget\" data-widget_type=\"text-editor.default\">\n\t\t\t\t<div class=\"elementor-widget-container\">\n\t\t\t\t\t\t\t\t\t<h5 data-start=\"111\" data-end=\"566\"><strong>M\u00dc\u00dcGITINGIMUSED<\/strong><\/h5><p data-start=\"111\" data-end=\"566\"><strong data-start=\"111\" data-end=\"220\">M\u00fc\u00fcgitingimused kehtivad ostja (edaspidi Tarbija) ja veebipoe nobi.ee (Nobi Beachwear O\u00dc, reg. kood 16598850, aadress: sinilille tee 2\/6, Rae vald, Peetri alevik, 75312) <\/strong><strong data-start=\"111\" data-end=\"220\">vahel kaupade ja teenuste ostmisel.<\/strong><\/p><p data-start=\"111\" data-end=\"566\"><br data-start=\"220\" data-end=\"223\" \/>Lisaks k\u00e4esolevatele tingimustele reguleerivad veebipoest nobi.ee toodete ostmisel tekkivaid \u00f5igussuhteid Eesti Vabariigis kehtiv <strong data-start=\"353\" data-end=\"372\">v\u00f5la\u00f5igusseadus<\/strong> (edaspidi V\u00d5S), <strong data-start=\"389\" data-end=\"412\">tarbijakaitseseadus<\/strong> (edaspidi TKS) ja muud asjakohased \u00f5igusaktid.<br data-start=\"459\" data-end=\"462\" \/>Veebipood <strong data-start=\"472\" data-end=\"503\">nobi.ee j\u00e4tab endale \u00f5iguse<\/strong> muuta m\u00fc\u00fcgitingimusi. K\u00f5ik muudatused kajastuvad veebilehel.<\/p><p data-start=\"568\" data-end=\"924\">M\u00fc\u00fcgilepinguga kohustub veebipood nobi.ee andma Tarbijale \u00fcle olemasoleva, valmistatava v\u00f5i tulevikus omandatava kauba ning v\u00f5imaldama omandi \u00fclemineku Tarbijale, ning Tarbija kohustub tasuma nobi.ee veebipoele arvel n\u00e4idatud hinna ja vastu v\u00f5tma Kauba.<br data-start=\"821\" data-end=\"824\" \/><strong data-start=\"824\" data-end=\"847\">M\u00fc\u00fcgileping j\u00f5ustub<\/strong> p\u00e4rast seda, kui Tarbija tasutud summa on laekunud veebipoe arvelduskontole.<\/p><hr data-start=\"926\" data-end=\"929\" \/><h5 data-start=\"931\" data-end=\"946\"><strong data-start=\"935\" data-end=\"946\">Ostmine ja Tagastus<\/strong><\/h5><p data-start=\"948\" data-end=\"1341\">Klient tasub veebikeskkonnas (e-poes) tehtud ostude eest <strong data-start=\"1005\" data-end=\"1025\">100% ettemaksena<\/strong>.<br data-start=\"1026\" data-end=\"1029\" \/>Tellimuse eest on v\u00f5imalik tasuda krediitkaardiga (Visa, MasterCard) v\u00f5i Eesti pangalinkide kaudu. K\u00f5ik maksed tehakse eurodes.<br data-start=\"1156\" data-end=\"1159\" \/>Veebipoes tehtud tellimusi t\u00f6\u00f6deldakse <strong data-start=\"1198\" data-end=\"1213\">t\u00f6\u00f6p\u00e4evadel<\/strong> (esmasp\u00e4evast reedeni 09.00\u221217.00). Kui tellimus on esitatud reedel p\u00e4rast kella 17.00, t\u00f6\u00f6deldakse seda j\u00e4rgmisel esmasp\u00e4eval.<\/p><p>P\u00e4rast m\u00fc\u00fcgilepingu j\u00f5ustumist t\u00e4idab veebipood tellimuse ja annab selle edasi kliendi valitud postiteenuse pakkujale kohaletoimetamiseks.<\/p><p>Tarne j\u00e4rgnevatesse riikidesse: Eesti, L\u00e4ti, Leedu<\/p><p>Kui te ei ole oma ostuga rahul, saate toote tagastada ning tasume summa t\u00e4ies ulatuses kahe t\u00f6\u00f6p\u00e4eva jooksul alates toote meieni j\u00f5udmisest.<\/p><p>Iga toode on v\u00f5imalik tagastada v\u00f5i vahetada kuni 14 p\u00e4eva jooksul alates selle k\u00e4ttesaamise kuup\u00e4evast.<\/p><p>H\u00fcvitame tagastamiskulu.<\/p><p>Kui soovite toote(d) tagastada, saatke meile e-kiri aadressile:\u00a0\u00a0<a href=\"mailto:support@aquatropicswim.com\">\u00a0info@nobi.ee ning lisage\u00a0 pealkiri \u201ctagastamine\u201d.<\/a>\u00a0Lisage oma tellimuse number ja \u00a0m\u00e4rkige toode(d), mida soovite tagastada. Palun \u00e4rge saatke tooteid tagasi, kui te pole enne meie klienditoe meeskonnaga \u00fchendust v\u00f5tnud.<\/p><p>Makseid vahendab\u00a0<a href=\"http:\/\/www.maksekeskus.ee\/\" target=\"_blank\" rel=\"noopener noreferrer\">Maksekeskus AS<\/a>. Tasumine toimub v\u00e4ljaspool Veebipoodi turvalises keskkonnas \u2013 pangalingiga tasumisel vastava panga turvalises keskkonnas ja krediitkaardiga tasumisel Maksekeskus AS turvalises keskkonnas. M\u00fc\u00fcjal puudub ligip\u00e4\u00e4s kliendi panga ja krediitkaardi andmetele. Leping j\u00f5ustub alates tasumisele kuuluva summa laekumisest Veebipoe arvelduskontole.<\/p><p>Veebipoe omanik on isikuandmete vastutav t\u00f6\u00f6tleja ning edastab maksete teostamiseks vajalikud isikuandmed volitatud t\u00f6\u00f6tleja Maksekeskus AS-le.<\/p><p>Kui tellitud kaupa ei ole v\u00f5imalik tarnida seoses kauba l\u00f5ppemisega v\u00f5i muul p\u00f5hjusel, teavitatakse sellest ostjat esimesel v\u00f5imalusel ning tagastatakse tasutud raha (sh kauba k\u00e4ttetoimetamise kulud) viivitamata, kuid mitte hiljem kui 14 p\u00e4eva jooksul teate saatmisest.<\/p><hr data-start=\"1343\" data-end=\"1346\" \/><h5 data-start=\"1348\" data-end=\"1362\"><strong data-start=\"1352\" data-end=\"1362\">Hinnad<\/strong><\/h5><p data-start=\"1364\" data-end=\"1816\">K\u00f5ik hinnad veebipoes sisaldavad <strong data-start=\"1397\" data-end=\"1420\">24% k\u00e4ibemaksu (KM)<\/strong>.<br data-start=\"1421\" data-end=\"1424\" \/>Hinnad kehtivad alates tellimuse esitamise hetkest kuni makset\u00e4htaja l\u00f5puni (3 p\u00e4eva tellimuse esitamisest).<br data-start=\"1532\" data-end=\"1535\" \/>Kui tellimus on esitatud enne m\u00fc\u00fcgitingimuste v\u00f5i hindade muutmist, kehtivad Tarbija ja Veebipoe vahelise \u00f5igussuhte puhul <strong data-start=\"1658\" data-end=\"1714\">tingimused, mis olid j\u00f5us tellimuse esitamise hetkel<\/strong>.<br data-start=\"1715\" data-end=\"1718\" \/>Veebipood nobi.ee j\u00e4tab endale \u00f5iguse <strong data-start=\"1756\" data-end=\"1776\">muuta m\u00fc\u00fcgihindu<\/strong>, k\u00f5ik muudatused kajastuvad veebilehel.<\/p><hr data-start=\"1818\" data-end=\"1821\" \/><h5 data-start=\"1823\" data-end=\"1848\"><strong data-start=\"1827\" data-end=\"1848\">Kohaletoimetamine<\/strong><\/h5><p data-start=\"1850\" data-end=\"2520\">P\u00e4rast m\u00fc\u00fcgilepingu j\u00f5ustumist vormistab veebipood tellimuse ja annab selle <strong data-start=\"1926\" data-end=\"1968\">Tarbijapoolsele postiteenuse osutajale<\/strong> \u00fcle toimetamiseks.<br data-start=\"1987\" data-end=\"1990\" \/>Kohaletoimetamise aeg on <strong data-start=\"2015\" data-end=\"2032\">4\u201314 t\u00f6\u00f6p\u00e4eva<\/strong>, s\u00f5ltuvalt asukohast.<br data-start=\"2054\" data-end=\"2057\" \/>Veebipoes n\u00e4idatud tarneajad hakkavad kehtima <strong data-start=\"2103\" data-end=\"2131\">alates makse laekumisest<\/strong> veebipoe arvelduskontole.<br data-start=\"2157\" data-end=\"2160\" \/>Viivitusteta kohaletoimetamise tagamiseks peab tellimuses sisestatud tarneinfo olema <strong data-start=\"2245\" data-end=\"2263\">\u00f5ige ja kehtiv<\/strong>.<br data-start=\"2264\" data-end=\"2267\" \/>Veebipood nobi.ee ei vastuta kaupade kohaletoimetamise viivituse eest, kui kaup on postiteenuse pakkujale \u00fcle antud \u00f5igeaegselt, kuid viivitus on p\u00f5hjustatud asjaoludest, mis ei s\u00f5ltu veebipoest (nt lennugraafikute muutused, ilmastikuolud, liiklus jne).<\/p><hr data-start=\"2522\" data-end=\"2525\" \/><hr data-start=\"3104\" data-end=\"3107\" \/><h5 data-start=\"3109\" data-end=\"3133\"><strong data-start=\"3113\" data-end=\"3133\">Tasuta vahetused<\/strong><\/h5><p data-start=\"3135\" data-end=\"3525\">Kui ostetud <strong data-start=\"3147\" data-end=\"3171\">ujumisriided ei sobi<\/strong> v\u00f5i ei vasta ootustele, pakume <strong data-start=\"3203\" data-end=\"3222\">tasuta vahetust<\/strong>.<br data-start=\"3223\" data-end=\"3226\" \/>Tasuta vahetuse saamiseks saada e-kiri aadressile <strong data-start=\"3276\" data-end=\"3292\"><a rel=\"noopener\" data-start=\"3278\" data-end=\"3290\">info@nobi.ee<\/a><\/strong>, pealkirjaga <strong data-start=\"3306\" data-end=\"3319\">\u201evahetus\u201d<\/strong>. Lisa tellimuse number ja t\u00e4psusta, millise(d) toote(d) soovid asendada. Me saadame uue(d) toote(d) <strong data-start=\"3420\" data-end=\"3438\">t\u00e4iesti tasuta<\/strong>.<br data-start=\"3439\" data-end=\"3442\" \/><strong data-start=\"3442\" data-end=\"3475\">Palun \u00e4ra saada toodet tagasi<\/strong>, enne kui oled meie klienditoega \u00fchendust v\u00f5tnud.<\/p><p data-start=\"3527\" data-end=\"3708\"><strong data-start=\"3527\" data-end=\"3649\">K\u00f5ik tagastatavad v\u00f5i vahetatavad tooted peavad olema t\u00e4iesti uued ning koos originaalsiltidega.<\/strong><\/p><p data-start=\"3710\" data-end=\"3782\">Vahetust saab teha <strong data-start=\"3729\" data-end=\"3749\">14 p\u00e4eva jooksul<\/strong> alates tellimuse k\u00e4ttesaamisest.<\/p>\t\t\t\t\t\t\t\t<\/div>\n\t\t\t\t<\/div>\n\t\t\t\t<\/div>\n\t\t\t\t<\/div>\n\t\t","protected":false},"excerpt":{"rendered":"<p>M\u00dc\u00dcGITINGIMUSED M\u00fc\u00fcgitingimused kehtivad ostja (edaspidi Tarbija) ja veebipoe nobi.ee (Nobi Beachwear O\u00dc, reg. kood 16598850, aadress: sinilille tee 2\/6, Rae vald, Peetri alevik, 75312) vahel kaupade ja teenuste ostmisel. Lisaks k\u00e4esolevatele tingimustele reguleerivad veebipoest nobi.ee toodete ostmisel tekkivaid \u00f5igussuhteid Eesti Vabariigis kehtiv v\u00f5la\u00f5igusseadus (edaspidi V\u00d5S), tarbijakaitseseadus (edaspidi TKS) ja muud asjakohased \u00f5igusaktid.Veebipood nobi.ee j\u00e4tab endale [&hellip;]<\/p>\n","protected":false},"author":1,"featured_media":0,"parent":0,"menu_order":0,"comment_status":"closed","ping_status":"closed","template":"","meta":{"footnotes":""},"class_list":["post-343","page","type-page","status-publish","hentry"],"jetpack_sharing_enabled":true,"_links":{"self":[{"href":"https:\/\/nobi.ee\/en\/wp-json\/wp\/v2\/pages\/343","targetHints":{"allow":["GET"]}}],"collection":[{"href":"https:\/\/nobi.ee\/en\/wp-json\/wp\/v2\/pages"}],"about":[{"href":"https:\/\/nobi.ee\/en\/wp-json\/wp\/v2\/types\/page"}],"author":[{"embeddable":true,"href":"https:\/\/nobi.ee\/en\/wp-json\/wp\/v2\/users\/1"}],"replies":[{"embeddable":true,"href":"https:\/\/nobi.ee\/en\/wp-json\/wp\/v2\/comments?post=343"}],"version-history":[{"count":42,"href":"https:\/\/nobi.ee\/en\/wp-json\/wp\/v2\/pages\/343\/revisions"}],"predecessor-version":[{"id":2783,"href":"https:\/\/nobi.ee\/en\/wp-json\/wp\/v2\/pages\/343\/revisions\/2783"}],"wp:attachment":[{"href":"https:\/\/nobi.ee\/en\/wp-json\/wp\/v2\/media?parent=343"}],"curies":[{"name":"wp","href":"https:\/\/api.w.org\/{rel}","templated":true}]}}